{"id":6179,"date":"2022-11-21T19:30:20","date_gmt":"2022-11-21T17:30:20","guid":{"rendered":"https:\/\/ithero.ro\/?page_id=6179"},"modified":"2022-11-21T19:31:25","modified_gmt":"2022-11-21T17:31:25","slug":"politica-de-livrare","status":"publish","type":"page","link":"https:\/\/ithero.ro\/ro\/politica-de-livrare\/","title":{"rendered":"Politica de livrare"},"content":{"rendered":"\n<p>Comenzile sunt livrate de la depozitul nostru din Bucure\u0219ti \u0219i ajung la destina\u021bie \u00een interval de 1-3 zile lucr\u0103toare de la \u00eenregistrarea comenzii sau conform termenului de livrare comunicat explicit \u00een oferte\/mailuri.<\/p>\n\n\n\n<p>Timpul de livrare poate varia \u00een func\u021bie de volumul de comenzi \u00eenregistrate.<\/p>\n\n\n\n<p>Comenzile plasate \u0219i confirmate pana \u00een ora 16:00 (zi lucr\u0103toare) vor fi expediate \u00een ziua urm\u0103toare (zi lucr\u0103toare).<\/p>\n\n\n\n<h6 class=\"wp-block-heading\"><strong>Costuri \u0219i metode de transport<\/strong><\/h6>\n\n\n\n<p>Produsele sunt livrate prin sistem propriu sau firme de curierat.<\/p>\n\n\n\n<p>Pentru comenzile de p\u00e2n\u0103 la 300 RON, transportul \u00een Bucure\u0219ti cost\u0103\u00a0<strong>15 RON<\/strong> iar \u00een Provincie transportul este de 25 RON \u00a0indiferent de modalitatea de plat\u0103 aleas\u0103. (Tarifele\u00a0 NU includ TVA.)<\/p>\n\n\n\n<p><strong>Comenzile care dep\u0103\u0219esc 300 RON beneficiaz\u0103 de transport gratuit (pe teritoriul Rom\u00e2niei).<\/strong><\/p>\n\n\n\n<p><strong>In cazul \u00een care ave\u021bi negociat contractual alt cost de transport acesta prevaleaz\u0103 costurilor de mai sus.<\/strong><\/p>\n\n\n\n<p>Datorit\u0103 faptului c\u0103 livrarea se face printr-un agent ter\u021b, nu putem garanta calitatea serviciului. \u00cens\u0103, pentru orice problem\u0103 privind procesul de livrare, nu ezita\u021bi s\u0103 ne contacta\u021bi.<\/p>\n\n\n\n<h1 class=\"wp-block-heading\"><strong>Categoriile de date cu caracter personal prelucrate<\/strong><\/h1>\n\n\n\n<p>Dac\u0103 sunte\u021bi client al\u00a0<a href=\"https:\/\/ithero.ro\/ro\/\">https:\/\/ithero.ro\/ro<\/a>, <strong>IT HERO TECHNOLOGIES SRL <\/strong>va prelucra datele dumneavoastr\u0103 cu caracter personal cum ar fi nume \u0219i prenume, telefon, adresa de e-mail, adresa de facturare, adresa de livrare. Vom folosi aceste informa\u021bii pentru scopuri precum:<\/p>\n\n\n\n<ul class=\"wp-block-list\"><li>S\u0103 v\u0103 trimitem informa\u021bii referitoare la comanda dvs.<\/li><li>S\u0103 confirm\u0103m \u00eempreun\u0103 cu dvs. detalii referitoare la comanda dvs.<\/li><li>S\u0103 v\u0103 r\u0103spundem la eventualele \u00eentreb\u0103ri sau cereri legate de retururi, returnarea contravalorii achitate sau alte pl\u00e2ngeri;<\/li><\/ul>\n\n\n\n<p>Cump\u0103r\u0103torul \u00ee\u0219i exprim\u0103 acordul fa\u021b\u0103 de V\u00e2nz\u0103tor cu privire la prelucrarea datelor cu caracter personal sau datelor comerciale furnizate de Cump\u0103r\u0103tor conform Legii nr. 122\/2013 Zb., privind Protec\u021bia Datelor cu Caracter Personal \u0219i de modificare a anumitor legi \u00een vigoare \u00een Rom\u00e2nia. Acordul respectiv va fi dat de Cump\u0103r\u0103tor p\u00e2n\u0103 la contestarea acestuia \u00een scris. Datele furnizate vor fi utilizate de V\u00e2nz\u0103tor \u00een scopul prest\u0103rii de servicii \u0219i \u00een scopuri de marketing.<\/p>\n","protected":false},"excerpt":{"rendered":"<p>Comenzile sunt livrate de la depozitul nostru din Bucure\u0219ti \u0219i ajung la destina\u021bie \u00een interval de 1-3 zile lucr\u0103toare de la \u00eenregistrarea comenzii sau conform termenului de livrare comunicat explicit \u00een oferte\/mailuri. Timpul de livrare poate varia \u00een func\u021bie de volumul de comenzi \u00eenregistrate. Comenzile plasate \u0219i confirmate pana \u00een ora 16:00 (zi lucr\u0103toare) vor [&hellip;]<\/p>\n","protected":false},"author":1,"featured_media":0,"parent":0,"menu_order":0,"comment_status":"closed","ping_status":"closed","template":"","meta":{"_monsterinsights_skip_tracking":false,"_monsterinsights_sitenote_active":false,"_monsterinsights_sitenote_note":"","_monsterinsights_sitenote_category":0,"footnotes":""},"class_list":["post-6179","page","type-page","status-publish","hentry"],"_links":{"self":[{"href":"https:\/\/ithero.ro\/ro\/wp-json\/wp\/v2\/pages\/6179","targetHints":{"allow":["GET"]}}],"collection":[{"href":"https:\/\/ithero.ro\/ro\/wp-json\/wp\/v2\/pages"}],"about":[{"href":"https:\/\/ithero.ro\/ro\/wp-json\/wp\/v2\/types\/page"}],"author":[{"embeddable":true,"href":"https:\/\/ithero.ro\/ro\/wp-json\/wp\/v2\/users\/1"}],"replies":[{"embeddable":true,"href":"https:\/\/ithero.ro\/ro\/wp-json\/wp\/v2\/comments?post=6179"}],"version-history":[{"count":2,"href":"https:\/\/ithero.ro\/ro\/wp-json\/wp\/v2\/pages\/6179\/revisions"}],"predecessor-version":[{"id":6182,"href":"https:\/\/ithero.ro\/ro\/wp-json\/wp\/v2\/pages\/6179\/revisions\/6182"}],"wp:attachment":[{"href":"https:\/\/ithero.ro\/ro\/wp-json\/wp\/v2\/media?parent=6179"}],"curies":[{"name":"wp","href":"https:\/\/api.w.org\/{rel}","templated":true}]}}