{"id":7,"date":"2020-01-02T06:16:17","date_gmt":"2020-01-02T06:16:17","guid":{"rendered":"https:\/\/ithero.ro\/?page_id=7"},"modified":"2022-01-31T21:15:09","modified_gmt":"2022-01-31T19:15:09","slug":"avantaje","status":"publish","type":"page","link":"https:\/\/ithero.ro\/en\/avantaje\/","title":{"rendered":"ItHero's Advantages"},"content":{"rendered":"\t\t<div data-elementor-type=\"wp-page\" data-elementor-id=\"7\" class=\"elementor elementor-7\">\n\t\t\t\t\t\t<section class=\"elementor-section elementor-top-section elementor-element elementor-element-c1f3302 elementor-section-stretched elementor-section-boxed elementor-section-height-default elementor-section-height-default\" data-id=\"c1f3302\" data-element_type=\"section\" data-e-type=\"section\" data-settings=\"{&quot;stretch_section&quot;:&quot;section-stretched&quot;}\">\n\t\t\t\t\t\t<div class=\"elementor-container elementor-column-gap-default\">\n\t\t\t\t\t<div class=\"elementor-column elementor-col-100 elementor-top-column elementor-element elementor-element-0e8a3f0\" data-id=\"0e8a3f0\" data-element_type=\"column\" data-e-type=\"column\">\n\t\t\t<div class=\"elementor-widget-wrap elementor-element-populated\">\n\t\t\t\t\t\t<div class=\"elementor-element elementor-element-4e08650 elementor-widget elementor-widget-rt-About-image-text\" data-id=\"4e08650\" data-element_type=\"widget\" data-e-type=\"widget\" data-no-translation=\"\" data-widget_type=\"rt-About-image-text.default\">\n\t\t\t\t<div class=\"elementor-widget-container\">\n\t\t\t\t\t<style>.elementor-element-4e08650{display:none !important}<\/style>\t\t\t\t<\/div>\n\t\t\t\t<\/div>\n\t\t\t\t\t<\/div>\n\t\t<\/div>\n\t\t\t\t\t<\/div>\n\t\t<\/section>\n\t\t\t\t<section class=\"elementor-section elementor-top-section elementor-element elementor-element-5a9b70f7 elementor-section-stretched elementor-section-boxed elementor-section-height-default elementor-section-height-default\" data-id=\"5a9b70f7\" data-element_type=\"section\" data-e-type=\"section\" data-settings=\"{&quot;stretch_section&quot;:&quot;section-stretched&quot;}\">\n\t\t\t\t\t\t<div class=\"elementor-container elementor-column-gap-default\">\n\t\t\t\t\t<div class=\"elementor-column elementor-col-25 elementor-top-column elementor-element elementor-element-5a057ff\" data-id=\"5a057ff\" data-element_type=\"column\" data-e-type=\"column\">\n\t\t\t<div class=\"elementor-widget-wrap elementor-element-populated\">\n\t\t\t\t\t\t<div class=\"elementor-element elementor-element-37b27e49 elementor-widget elementor-widget-rt-working-process\" data-id=\"37b27e49\" data-element_type=\"widget\" data-e-type=\"widget\" data-widget_type=\"rt-working-process.default\">\n\t\t\t\t<div class=\"elementor-widget-container\">\n\t\t\t\t\t<div class=\"has-animation\">\n\t<div class=\"translate-zoomout-50 opacity-animation transition-100 transition-delay-100\">\n\t\t<div class=\"working-process-default working-process-style5\">\n\t\t\t<div class=\"rtin-item\">\n\t\t\t\t\t\t\t\t<div class=\"count-number\">1<\/div>\n\t\t\t\t\t\t\t\t\t\t\t\t\t<h3 class=\"rtin-title\">Eficien\u021ba <br>solu\u021biiilor<\/h3>\t\t\t\n\t\t\t\t\t\t\t\t<div class=\"rtin-icon\">\t\t\t\n\t\t\t\t\t\t\t\t\t\t\t<i class=\" flaticon-responsive\"><\/i>\n\t\t\t\t\t\t\t\t\t<\/div>\n\t\t\t<\/div>\n\t\t<\/div>\n\t<\/div>\n<\/div>\t\t\t\t<\/div>\n\t\t\t\t<\/div>\n\t\t\t\t\t<\/div>\n\t\t<\/div>\n\t\t\t\t<div class=\"elementor-column elementor-col-25 elementor-top-column elementor-element elementor-element-1b74f7c4\" data-id=\"1b74f7c4\" data-element_type=\"column\" data-e-type=\"column\">\n\t\t\t<div class=\"elementor-widget-wrap elementor-element-populated\">\n\t\t\t\t\t\t<div class=\"elementor-element elementor-element-67fd645e elementor-widget elementor-widget-rt-working-process\" data-id=\"67fd645e\" data-element_type=\"widget\" data-e-type=\"widget\" data-widget_type=\"rt-working-process.default\">\n\t\t\t\t<div class=\"elementor-widget-container\">\n\t\t\t\t\t<div class=\"has-animation\">\n\t<div class=\"translate-zoomout-50 opacity-animation transition-100 transition-delay-500\">\n\t\t<div class=\"working-process-default working-process-style5\">\n\t\t\t<div class=\"rtin-item\">\n\t\t\t\t\t\t\t\t<div class=\"count-number\">2<\/div>\n\t\t\t\t\t\t\t\t\t\t\t\t\t<h3 class=\"rtin-title\">Experien\u021b\u0103 diversificat\u0103<\/h3>\t\t\t\n\t\t\t\t\t\t\t\t<div class=\"rtin-icon\">\t\t\t\n\t\t\t\t\t\t\t\t\t\t\t<i class=\" flaticon-hand\"><\/i>\n\t\t\t\t\t\t\t\t\t<\/div>\n\t\t\t<\/div>\n\t\t<\/div>\n\t<\/div>\n<\/div>\t\t\t\t<\/div>\n\t\t\t\t<\/div>\n\t\t\t\t\t<\/div>\n\t\t<\/div>\n\t\t\t\t<div class=\"elementor-column elementor-col-25 elementor-top-column elementor-element elementor-element-4e4d4007\" data-id=\"4e4d4007\" data-element_type=\"column\" data-e-type=\"column\">\n\t\t\t<div class=\"elementor-widget-wrap elementor-element-populated\">\n\t\t\t\t\t\t<div class=\"elementor-element elementor-element-1b36238 elementor-widget elementor-widget-rt-working-process\" data-id=\"1b36238\" data-element_type=\"widget\" data-e-type=\"widget\" data-widget_type=\"rt-working-process.default\">\n\t\t\t\t<div class=\"elementor-widget-container\">\n\t\t\t\t\t<div class=\"has-animation\">\n\t<div class=\"translate-zoomout-50 opacity-animation transition-100 transition-delay-900\">\n\t\t<div class=\"working-process-default working-process-style5\">\n\t\t\t<div class=\"rtin-item\">\n\t\t\t\t\t\t\t\t<div class=\"count-number\">3<\/div>\n\t\t\t\t\t\t\t\t\t\t\t\t\t<h3 class=\"rtin-title\">Re\u021bea <br>de furnizori<\/h3>\t\t\t\n\t\t\t\t\t\t\t\t<div class=\"rtin-icon\">\t\t\t\n\t\t\t\t\t\t\t\t\t\t\t<i class=\" flaticon-canvas\"><\/i>\n\t\t\t\t\t\t\t\t\t<\/div>\n\t\t\t<\/div>\n\t\t<\/div>\n\t<\/div>\n<\/div>\t\t\t\t<\/div>\n\t\t\t\t<\/div>\n\t\t\t\t\t<\/div>\n\t\t<\/div>\n\t\t\t\t<div class=\"elementor-column elementor-col-25 elementor-top-column elementor-element elementor-element-205a3b84\" data-id=\"205a3b84\" data-element_type=\"column\" data-e-type=\"column\">\n\t\t\t<div class=\"elementor-widget-wrap elementor-element-populated\">\n\t\t\t\t\t\t<div class=\"elementor-element elementor-element-9d71c8b elementor-widget elementor-widget-rt-working-process\" data-id=\"9d71c8b\" data-element_type=\"widget\" data-e-type=\"widget\" data-widget_type=\"rt-working-process.default\">\n\t\t\t\t<div class=\"elementor-widget-container\">\n\t\t\t\t\t<div class=\"has-animation\">\n\t<div class=\"translate-zoomout-50 opacity-animation transition-100 transition-delay-1300\">\n\t\t<div class=\"working-process-default working-process-style5\">\n\t\t\t<div class=\"rtin-item\">\n\t\t\t\t\t\t\t\t<div class=\"count-number\">4<\/div>\n\t\t\t\t\t\t\t\t\t\t\t\t\t<h3 class=\"rtin-title\">Integrare de avantaje<\/h3>\t\t\t\n\t\t\t\t\t\t\t\t<div class=\"rtin-icon\">\t\t\t\n\t\t\t\t\t\t\t\t\t\t\t<i class=\" flaticon-goal\"><\/i>\n\t\t\t\t\t\t\t\t\t<\/div>\n\t\t\t<\/div>\n\t\t<\/div>\n\t<\/div>\n<\/div>\t\t\t\t<\/div>\n\t\t\t\t<\/div>\n\t\t\t\t\t<\/div>\n\t\t<\/div>\n\t\t\t\t\t<\/div>\n\t\t<\/section>\n\t\t\t\t<section class=\"elementor-section elementor-top-section elementor-element elementor-element-a9c42ba elementor-section-stretched elementor-section-boxed elementor-section-height-default elementor-section-height-default\" data-id=\"a9c42ba\" data-element_type=\"section\" data-e-type=\"section\" data-settings=\"{&quot;stretch_section&quot;:&quot;section-stretched&quot;}\">\n\t\t\t\t\t\t<div class=\"elementor-container elementor-column-gap-default\">\n\t\t\t\t\t<div class=\"elementor-column elementor-col-100 elementor-top-column elementor-element elementor-element-00b4efd\" data-id=\"00b4efd\" data-element_type=\"column\" data-e-type=\"column\">\n\t\t\t<div class=\"elementor-widget-wrap elementor-element-populated\">\n\t\t\t\t\t\t<div class=\"elementor-element elementor-element-a83c8a0 elementor-widget elementor-widget-rt-About-image-text\" data-id=\"a83c8a0\" data-element_type=\"widget\" data-e-type=\"widget\" data-widget_type=\"rt-About-image-text.default\">\n\t\t\t\t<div class=\"elementor-widget-container\">\n\t\t\t\t\t<div class=\"about-image-text about-layout-style2\">\n\t<div class=\"rtin-item left-image no-animation\">\n\t\t<div class=\"row\">\n\t\t\t<div class=\"col-lg-6 col-12\">\n\t\t\t\t<div class=\"translate-left-75 opacity-animation transition-150 transition-delay-200\">\n\t\t\t\t\t<div class=\"about-image\">\n\t\t\t\t\t\t<a href=\"https:\/\/ithero.ro\/servicii\/\"><img fetchpriority=\"high\" decoding=\"async\" width=\"527\" height=\"438\" src=\"https:\/\/ithero.ro\/wp-content\/uploads\/2020\/01\/illustration20.png\" class=\"attachment-full size-full wp-image-1628\" alt=\"\" srcset=\"https:\/\/ithero.ro\/wp-content\/uploads\/2020\/01\/illustration20.png 527w, https:\/\/ithero.ro\/wp-content\/uploads\/2020\/01\/illustration20-300x249.png 300w\" sizes=\"(max-width: 527px) 100vw, 527px\" \/><\/a>\t\t\t\t\n\t\t\t\t\t<\/div>\n\t\t\t\t<\/div>\n\t\t\t<\/div>\n\t\t\t<div class=\"col-lg-6 col-12\">\n\t\t\t\t<div class=\"about-content\">\n\t\t\t\t\t\t\t\t\t\t\t\t\t\t\t\t<h2 class=\"rtin-title\">Cum colabor\u0103m<\/h2>\n\t\t\t\t\t\t\t\t\t\t\t\t\t\t\t\t<div class=\"rtin-content\"><p>\u00a0<\/p><ul><li>Avem pachete dedicate pe anumite necesit\u0103\u021bi din pia\u021b\u0103 (printing \u00een \u0219coli, VPN pentru securizarea muncii de acas\u0103, etc.), optimizate deja din punct de vedere cost\/calitate<\/li><li>Proiect customizat pentru orice alta nevoie IT specific\u0103 aparut\u0103 in cadrul unei firme, cu un raspuns eficient \u00een timp si cost de implementare, datorita experien\u021bei tehnice a echipei \u0219i datorita conditiilor comerciale avantajoase dezvoltate cu furnizorii de-a lungul unei lungi perioade de colaborare<\/li><\/ul><\/div>\n\t\t\t\t\t\t\t\t\t\t\t\t\t\t\t\t\t\t\t\t\t\t\t<div class=\"rtin-button\"><a class=\"btn-fill\" href=\"https:\/\/ithero.ro\/servicii\/\">Servicii<i class=\"flaticon-next\"><\/i><\/a><\/div>\n\t\t\t\t\t\t\t\t\t\t\t\t\t\t\t<\/div>\n\t\t\t<\/div>\n\t\t<\/div>\n\t<\/div>\n<\/div>\t\t\t\t<\/div>\n\t\t\t\t<\/div>\n\t\t\t\t\t<\/div>\n\t\t<\/div>\n\t\t\t\t\t<\/div>\n\t\t<\/section>\n\t\t\t\t<section class=\"elementor-section elementor-top-section elementor-element elementor-element-22f38f8d elementor-section-stretched elementor-section-boxed elementor-section-height-default elementor-section-height-default\" data-id=\"22f38f8d\" data-element_type=\"section\" data-e-type=\"section\" data-settings=\"{&quot;stretch_section&quot;:&quot;section-stretched&quot;,&quot;background_background&quot;:&quot;classic&quot;}\">\n\t\t\t\t\t\t<div class=\"elementor-container elementor-column-gap-default\">\n\t\t\t\t\t<div class=\"elementor-column elementor-col-100 elementor-top-column elementor-element elementor-element-5012b55b\" data-id=\"5012b55b\" data-element_type=\"column\" data-e-type=\"column\">\n\t\t\t<div class=\"elementor-widget-wrap elementor-element-populated\">\n\t\t\t\t\t\t<div class=\"elementor-element elementor-element-656b6bae logo-slider elementor-widget elementor-widget-rt-logo-slider\" data-id=\"656b6bae\" data-element_type=\"widget\" data-e-type=\"widget\" data-widget_type=\"rt-logo-slider.default\">\n\t\t\t\t<div class=\"elementor-widget-container\">\n\t\t\t\t\t<div class=\"no-animation\">\n\t<div class=\"rtin-logo-slider owl-wrap rt-owl-nav-2 \">\n\t\t<div class=\"owl-theme owl-carousel rt-owl-carousel\" data-carousel-options=\"{&quot;nav&quot;:false,&quot;dots&quot;:false,&quot;navText&quot;:[&quot;&lt;i class=&#039;fa fa-angle-left&#039;&gt;&lt;\\\/i&gt;&quot;,&quot;&lt;i class=&#039;fa fa-angle-right&#039;&gt;&lt;\\\/i&gt;&quot;],&quot;autoplay&quot;:true,&quot;autoplayTimeout&quot;:&quot;3000&quot;,&quot;autoplaySpeed&quot;:900,&quot;autoplayHoverPause&quot;:true,&quot;loop&quot;:true,&quot;margin&quot;:0,&quot;responsive&quot;:{&quot;0&quot;:{&quot;items&quot;:&quot;2&quot;},&quot;480&quot;:{&quot;items&quot;:&quot;2&quot;},&quot;768&quot;:{&quot;items&quot;:&quot;4&quot;},&quot;992&quot;:{&quot;items&quot;:&quot;5&quot;},&quot;1200&quot;:{&quot;items&quot;:&quot;6&quot;}}}\">\n\t\t\t\t\t\t\t\t\t\t\t<div class=\"rtin-item\">\n\t\t\t\t\t<div class=\"translate-bottom-75 opacity-animation transition-150 transition-delay-100\">\n\t\t\t\t\t\t\t\t\t\t\t\t\t<img decoding=\"async\" width=\"960\" height=\"210\" src=\"https:\/\/ithero.ro\/wp-content\/uploads\/2021\/05\/Asus-Logo-1995-present-2.png\" class=\"attachment-full size-full\" alt=\"ASUS\" srcset=\"https:\/\/ithero.ro\/wp-content\/uploads\/2021\/05\/Asus-Logo-1995-present-2.png 960w, https:\/\/ithero.ro\/wp-content\/uploads\/2021\/05\/Asus-Logo-1995-present-2-300x66.png 300w, https:\/\/ithero.ro\/wp-content\/uploads\/2021\/05\/Asus-Logo-1995-present-2-768x168.png 768w\" sizes=\"(max-width: 960px) 100vw, 960px\" \/>\t\t\t\t\t\t\t\t\t\t\t<\/div>\n\t\t\t\t<\/div>\n\t\t\t\t\t\t\t\t\t\t\t<div class=\"rtin-item\">\n\t\t\t\t\t<div class=\"translate-bottom-75 opacity-animation transition-150 transition-delay-400\">\n\t\t\t\t\t\t\t\t\t\t\t\t\t<img decoding=\"async\" width=\"194\" height=\"47\" src=\"https:\/\/ithero.ro\/wp-content\/uploads\/2021\/05\/wacom-1.png\" class=\"attachment-full size-full\" alt=\"Wacom\" \/>\t\t\t\t\t\t\t\t\t\t\t<\/div>\n\t\t\t\t<\/div>\n\t\t\t\t\t\t\t\t\t\t\t<div class=\"rtin-item\">\n\t\t\t\t\t<div class=\"translate-bottom-75 opacity-animation transition-150 transition-delay-700\">\n\t\t\t\t\t\t\t\t\t\t\t\t\t<img loading=\"lazy\" decoding=\"async\" width=\"284\" height=\"177\" src=\"https:\/\/ithero.ro\/wp-content\/uploads\/2021\/05\/index.png\" class=\"attachment-full size-full\" alt=\"Logitech\" \/>\t\t\t\t\t\t\t\t\t\t\t<\/div>\n\t\t\t\t<\/div>\n\t\t\t\t\t\t\t\t\t\t\t<div class=\"rtin-item\">\n\t\t\t\t\t<div class=\"translate-bottom-75 opacity-animation transition-150 transition-delay-1000\">\n\t\t\t\t\t\t\t\t\t\t\t\t\t<img loading=\"lazy\" decoding=\"async\" width=\"460\" height=\"92\" src=\"https:\/\/ithero.ro\/wp-content\/uploads\/2021\/05\/philips-1.png\" class=\"attachment-full size-full\" alt=\"Philips\" srcset=\"https:\/\/ithero.ro\/wp-content\/uploads\/2021\/05\/philips-1.png 460w, https:\/\/ithero.ro\/wp-content\/uploads\/2021\/05\/philips-1-300x60.png 300w\" sizes=\"(max-width: 460px) 100vw, 460px\" \/>\t\t\t\t\t\t\t\t\t\t\t<\/div>\n\t\t\t\t<\/div>\n\t\t\t\t\t\t\t\t\t\t\t<div class=\"rtin-item\">\n\t\t\t\t\t<div class=\"translate-bottom-75 opacity-animation transition-150 transition-delay-1300\">\n\t\t\t\t\t\t\t\t\t\t\t\t\t<img loading=\"lazy\" decoding=\"async\" width=\"973\" height=\"255\" src=\"https:\/\/ithero.ro\/wp-content\/uploads\/2021\/05\/aoc-logo-1-1.png\" class=\"attachment-full size-full\" alt=\"AOC\" srcset=\"https:\/\/ithero.ro\/wp-content\/uploads\/2021\/05\/aoc-logo-1-1.png 973w, https:\/\/ithero.ro\/wp-content\/uploads\/2021\/05\/aoc-logo-1-1-300x79.png 300w, https:\/\/ithero.ro\/wp-content\/uploads\/2021\/05\/aoc-logo-1-1-768x201.png 768w\" sizes=\"(max-width: 973px) 100vw, 973px\" \/>\t\t\t\t\t\t\t\t\t\t\t<\/div>\n\t\t\t\t<\/div>\n\t\t\t\t\t\t\t\t\t\t\t<div class=\"rtin-item\">\n\t\t\t\t\t<div class=\"translate-bottom-75 opacity-animation transition-150 transition-delay-1600\">\n\t\t\t\t\t\t\t\t\t\t\t\t\t<img loading=\"lazy\" decoding=\"async\" width=\"1280\" height=\"334\" src=\"https:\/\/ithero.ro\/wp-content\/uploads\/2021\/05\/1280px-Xilinx.svg.png\" class=\"attachment-full size-full\" alt=\"Xilinx\" srcset=\"https:\/\/ithero.ro\/wp-content\/uploads\/2021\/05\/1280px-Xilinx.svg.png 1280w, https:\/\/ithero.ro\/wp-content\/uploads\/2021\/05\/1280px-Xilinx.svg-300x78.png 300w, https:\/\/ithero.ro\/wp-content\/uploads\/2021\/05\/1280px-Xilinx.svg-1024x267.png 1024w, https:\/\/ithero.ro\/wp-content\/uploads\/2021\/05\/1280px-Xilinx.svg-768x200.png 768w\" sizes=\"(max-width: 1280px) 100vw, 1280px\" \/>\t\t\t\t\t\t\t\t\t\t\t<\/div>\n\t\t\t\t<\/div>\n\t\t\t\t\t\t\t\t\t\t\t<div class=\"rtin-item\">\n\t\t\t\t\t<div class=\"translate-bottom-75 opacity-animation transition-150 transition-delay-1900\">\n\t\t\t\t\t\t\t\t\t\t\t\t\t<img loading=\"lazy\" decoding=\"async\" width=\"1887\" height=\"404\" src=\"https:\/\/ithero.ro\/wp-content\/uploads\/2021\/05\/acer.png\" class=\"attachment-full size-full\" alt=\"Acer\" srcset=\"https:\/\/ithero.ro\/wp-content\/uploads\/2021\/05\/acer.png 1887w, https:\/\/ithero.ro\/wp-content\/uploads\/2021\/05\/acer-300x64.png 300w, https:\/\/ithero.ro\/wp-content\/uploads\/2021\/05\/acer-1024x219.png 1024w, https:\/\/ithero.ro\/wp-content\/uploads\/2021\/05\/acer-768x164.png 768w, https:\/\/ithero.ro\/wp-content\/uploads\/2021\/05\/acer-1536x329.png 1536w\" sizes=\"(max-width: 1887px) 100vw, 1887px\" \/>\t\t\t\t\t\t\t\t\t\t\t<\/div>\n\t\t\t\t<\/div>\n\t\t\t\t\t\t\t\t\t\t\t<div class=\"rtin-item\">\n\t\t\t\t\t<div class=\"translate-bottom-75 opacity-animation transition-150 transition-delay-2200\">\n\t\t\t\t\t\t\t\t\t\t\t\t\t<img loading=\"lazy\" decoding=\"async\" width=\"445\" height=\"113\" src=\"https:\/\/ithero.ro\/wp-content\/uploads\/2021\/05\/synology.png\" class=\"attachment-full size-full\" alt=\"Synology\" srcset=\"https:\/\/ithero.ro\/wp-content\/uploads\/2021\/05\/synology.png 445w, https:\/\/ithero.ro\/wp-content\/uploads\/2021\/05\/synology-300x76.png 300w, https:\/\/ithero.ro\/wp-content\/uploads\/2021\/05\/synology-442x113.png 442w\" sizes=\"(max-width: 445px) 100vw, 445px\" \/>\t\t\t\t\t\t\t\t\t\t\t<\/div>\n\t\t\t\t<\/div>\n\t\t\t\t\t\t\t\t\t\t\t<div class=\"rtin-item\">\n\t\t\t\t\t<div class=\"translate-bottom-75 opacity-animation transition-150 transition-delay-2500\">\n\t\t\t\t\t\t\t\t\t\t\t\t\t<img loading=\"lazy\" decoding=\"async\" width=\"379\" height=\"86\" src=\"https:\/\/ithero.ro\/wp-content\/uploads\/2021\/05\/gembird.png\" class=\"attachment-full size-full\" alt=\"gembird\" srcset=\"https:\/\/ithero.ro\/wp-content\/uploads\/2021\/05\/gembird.png 379w, https:\/\/ithero.ro\/wp-content\/uploads\/2021\/05\/gembird-300x68.png 300w, https:\/\/ithero.ro\/wp-content\/uploads\/2021\/05\/gembird-16x4.png 16w\" sizes=\"(max-width: 379px) 100vw, 379px\" \/>\t\t\t\t\t\t\t\t\t\t\t<\/div>\n\t\t\t\t<\/div>\n\t\t\t\t\t\t\t\t\t\t\t<div class=\"rtin-item\">\n\t\t\t\t\t<div class=\"translate-bottom-75 opacity-animation transition-150 transition-delay-2800\">\n\t\t\t\t\t\t\t\t\t\t\t\t\t<img loading=\"lazy\" decoding=\"async\" width=\"1280\" height=\"311\" src=\"https:\/\/ithero.ro\/wp-content\/uploads\/2021\/05\/brother.png\" class=\"attachment-full size-full\" alt=\"Brother\" srcset=\"https:\/\/ithero.ro\/wp-content\/uploads\/2021\/05\/brother.png 1280w, https:\/\/ithero.ro\/wp-content\/uploads\/2021\/05\/brother-300x73.png 300w, https:\/\/ithero.ro\/wp-content\/uploads\/2021\/05\/brother-1024x249.png 1024w, https:\/\/ithero.ro\/wp-content\/uploads\/2021\/05\/brother-768x187.png 768w, https:\/\/ithero.ro\/wp-content\/uploads\/2021\/05\/brother-16x4.png 16w\" sizes=\"(max-width: 1280px) 100vw, 1280px\" \/>\t\t\t\t\t\t\t\t\t\t\t<\/div>\n\t\t\t\t<\/div>\n\t\t\t\t\t\t\t\t\t\t\t<div class=\"rtin-item\">\n\t\t\t\t\t<div class=\"translate-bottom-75 opacity-animation transition-150 transition-delay-3100\">\n\t\t\t\t\t\t\t\t\t\t\t\t\t<img loading=\"lazy\" decoding=\"async\" width=\"583\" height=\"178\" src=\"https:\/\/ithero.ro\/wp-content\/uploads\/2021\/05\/dell1.jpg\" class=\"attachment-full size-full\" alt=\"Dell\" srcset=\"https:\/\/ithero.ro\/wp-content\/uploads\/2021\/05\/dell1.jpg 583w, https:\/\/ithero.ro\/wp-content\/uploads\/2021\/05\/dell1-300x92.jpg 300w, https:\/\/ithero.ro\/wp-content\/uploads\/2021\/05\/dell1-16x5.jpg 16w\" sizes=\"(max-width: 583px) 100vw, 583px\" \/>\t\t\t\t\t\t\t\t\t\t\t<\/div>\n\t\t\t\t<\/div>\n\t\t\t\t\t\t\t\t\t\t\t<div class=\"rtin-item\">\n\t\t\t\t\t<div class=\"translate-bottom-75 opacity-animation transition-150 transition-delay-3400\">\n\t\t\t\t\t\t\t\t\t\t\t\t\t<img loading=\"lazy\" decoding=\"async\" width=\"814\" height=\"308\" src=\"https:\/\/ithero.ro\/wp-content\/uploads\/2021\/05\/hp.png\" class=\"attachment-full size-full\" alt=\"HP\" srcset=\"https:\/\/ithero.ro\/wp-content\/uploads\/2021\/05\/hp.png 814w, https:\/\/ithero.ro\/wp-content\/uploads\/2021\/05\/hp-300x114.png 300w, https:\/\/ithero.ro\/wp-content\/uploads\/2021\/05\/hp-768x291.png 768w, https:\/\/ithero.ro\/wp-content\/uploads\/2021\/05\/hp-16x6.png 16w\" sizes=\"(max-width: 814px) 100vw, 814px\" \/>\t\t\t\t\t\t\t\t\t\t\t<\/div>\n\t\t\t\t<\/div>\n\t\t\t\t\t\t\t\t\t\t\t<div class=\"rtin-item\">\n\t\t\t\t\t<div class=\"translate-bottom-75 opacity-animation transition-150 transition-delay-3700\">\n\t\t\t\t\t\t\t\t\t\t\t\t\t<img loading=\"lazy\" decoding=\"async\" width=\"768\" height=\"186\" src=\"https:\/\/ithero.ro\/wp-content\/uploads\/2021\/05\/epson.png\" class=\"attachment-full size-full\" alt=\"Epson\" srcset=\"https:\/\/ithero.ro\/wp-content\/uploads\/2021\/05\/epson.png 768w, https:\/\/ithero.ro\/wp-content\/uploads\/2021\/05\/epson-300x73.png 300w, https:\/\/ithero.ro\/wp-content\/uploads\/2021\/05\/epson-16x4.png 16w\" sizes=\"(max-width: 768px) 100vw, 768px\" \/>\t\t\t\t\t\t\t\t\t\t\t<\/div>\n\t\t\t\t<\/div>\n\t\t\t\t\t\t\t\t\t\t\t<div class=\"rtin-item\">\n\t\t\t\t\t<div class=\"translate-bottom-75 opacity-animation transition-150 transition-delay-4000\">\n\t\t\t\t\t\t\t\t\t\t\t\t\t<img loading=\"lazy\" decoding=\"async\" width=\"900\" height=\"198\" src=\"https:\/\/ithero.ro\/wp-content\/uploads\/2021\/05\/lenovo.jpg\" class=\"attachment-full size-full\" alt=\"Lenovo\" srcset=\"https:\/\/ithero.ro\/wp-content\/uploads\/2021\/05\/lenovo.jpg 900w, https:\/\/ithero.ro\/wp-content\/uploads\/2021\/05\/lenovo-300x66.jpg 300w, https:\/\/ithero.ro\/wp-content\/uploads\/2021\/05\/lenovo-768x169.jpg 768w, https:\/\/ithero.ro\/wp-content\/uploads\/2021\/05\/lenovo-16x4.jpg 16w\" sizes=\"(max-width: 900px) 100vw, 900px\" \/>\t\t\t\t\t\t\t\t\t\t\t<\/div>\n\t\t\t\t<\/div>\n\t\t\t                      \n\t\t<\/div>\n\t<\/div>\n<\/div>\t\t\t\t<\/div>\n\t\t\t\t<\/div>\n\t\t\t\t\t<\/div>\n\t\t<\/div>\n\t\t\t\t\t<\/div>\n\t\t<\/section>\n\t\t\t\t<\/div>\n\t\t","protected":false},"excerpt":{"rendered":"<p>1 Eficien\u021ba solu\u021biiilor 2 Experien\u021b\u0103 diversificat\u0103 3 Re\u021bea de furnizori 4 Integrare de avantaje Cum colabor\u0103m \u00a0 Avem pachete dedicate pe anumite necesit\u0103\u021bi din pia\u021b\u0103 (printing \u00een \u0219coli, VPN pentru securizarea muncii de acas\u0103, etc.), optimizate deja din punct de vedere cost\/calitate Proiect customizat pentru orice alta nevoie IT specific\u0103 aparut\u0103 in cadrul unei firme, [&hellip;]<\/p>\n","protected":false},"author":1,"featured_media":0,"parent":0,"menu_order":0,"comment_status":"closed","ping_status":"closed","template":"","meta":{"_monsterinsights_skip_tracking":false,"_monsterinsights_sitenote_active":false,"_monsterinsights_sitenote_note":"","_monsterinsights_sitenote_category":0,"footnotes":""},"class_list":["post-7","page","type-page","status-publish","hentry"],"_links":{"self":[{"href":"https:\/\/ithero.ro\/en\/wp-json\/wp\/v2\/pages\/7","targetHints":{"allow":["GET"]}}],"collection":[{"href":"https:\/\/ithero.ro\/en\/wp-json\/wp\/v2\/pages"}],"about":[{"href":"https:\/\/ithero.ro\/en\/wp-json\/wp\/v2\/types\/page"}],"author":[{"embeddable":true,"href":"https:\/\/ithero.ro\/en\/wp-json\/wp\/v2\/users\/1"}],"replies":[{"embeddable":true,"href":"https:\/\/ithero.ro\/en\/wp-json\/wp\/v2\/comments?post=7"}],"version-history":[{"count":34,"href":"https:\/\/ithero.ro\/en\/wp-json\/wp\/v2\/pages\/7\/revisions"}],"predecessor-version":[{"id":5249,"href":"https:\/\/ithero.ro\/en\/wp-json\/wp\/v2\/pages\/7\/revisions\/5249"}],"wp:attachment":[{"href":"https:\/\/ithero.ro\/en\/wp-json\/wp\/v2\/media?parent=7"}],"curies":[{"name":"wp","href":"https:\/\/api.w.org\/{rel}","templated":true}]}}