{"id":3791,"date":"2021-05-16T13:12:33","date_gmt":"2021-05-16T12:12:33","guid":{"rendered":"https:\/\/ithero.ro\/?page_id=3791"},"modified":"2021-05-16T13:23:53","modified_gmt":"2021-05-16T12:23:53","slug":"politica-de-protectie-a-datelor-personale-gdpr","status":"publish","type":"page","link":"https:\/\/ithero.ro\/en\/politica-de-protectie-a-datelor-personale-gdpr\/","title":{"rendered":"Politica de protec\u021bie a datelor personale GDPR"},"content":{"rendered":"<p><strong>Ce categorii de date cu caracter personal prelucr\u0103m<\/strong><\/p>\n\n\n\n<p>\u00cen general, colect\u0103m datele dvs. cu caracter personal direct de la dumneavoastr\u0103, pe parcursul rela\u021biilor comerciale dintre firmele noastre. Astfel ave\u021bi controlul asupra tipului de informa\u021bie pe care ne-o oferi\u021bi. Exemple de date personale necesare pentru comunic\u0103ri: adresa de e-mail, numele \u0219i prenumele, num\u0103r de telefon, adresa de livrare etc. <\/p>\n\n\n\n<p>Nu colect\u0103m \u0219i nu prelucr\u0103m \u00een alt mod date sensibile, incluse de Regulamentul general privind protec\u021bia datelor \u00een categorii speciale de date cu caracter personal. De asemenea, nu dorim s\u0103 colect\u0103m sau s\u0103 prelucr\u0103m date ale minorilor care nu au \u00eemplinit varsta de 16 ani.<\/p>\n\n\n\n<p><strong>C\u00e2t timp p\u0103str\u0103m datele dvs. cu caracter personal<\/strong><\/p>\n\n\n\n<p>Ca regul\u0103 general\u0103, vom stoca datele dvs. cu caracter personal c\u00e2t timp c\u00e2t desf\u0103\u0219ur\u0103m rela\u021bii comerciale. Pute\u021bi s\u0103 ne solicita\u021bi oric\u00e2nd \u0219tergerea anumitor informa\u021bii sau \u00eenchiderea contului \u0219i vom da curs acestor solicit\u0103ri, sub rezerva p\u0103str\u0103rii anumitor informa\u021bii inclusiv ulterior \u00eenchiderii contului, \u00een situa\u021biile \u00een care legisla\u021bia aplicabil\u0103 sau interesele noastre legitime o impun.<\/p>\n\n\n\n<p><strong>Cui transmitem datele dvs. cu caracter personal<\/strong><\/p>\n\n\n\n<p>Dup\u0103 caz, putem transmite sau oferi acces la anumite date cu caracter personal ale dvs. urm\u0103toarelor categorii de destinatari:<\/p>\n\n\n\n<p>\u2013 partenerilor subcontractori ItHero;<\/p>\n\n\n\n<p>\u2013 furnizorilor de servicii de curierat;<\/p>\n\n\n\n<p>\u2013 furnizorilor de servicii de plat\u0103\/bancare;<\/p>\n\n\n\n<p>\u2013 furnizorilor de servicii de marketing \/ telemarketing;<\/p>\n\n\n\n<p>\u2013 furnizorilor de servicii de cercetare de pia\u021b\u0103;<\/p>\n\n\n\n<p>\u2013 societ\u0103\u021bilor de asigurare;<\/p>\n\n\n\n<p>\u2013 altor societ\u0103\u021bi cu care putem dezvolta programe comune de ofertare pe pia\u021b\u0103 a bunurilor si serviciilor noastre.<\/p>\n\n\n\n<p>\u00cen cazul \u00een care ne revine o obliga\u021bie legal\u0103 sau dac\u0103 este necesar pentru a ne ap\u0103ra un interes legitim, putem de asemenea divulga anumite date cu caracter personal unor autorit\u0103\u021bi publice.<\/p>\n\n\n\n<p>Ne asigur\u0103m c\u0103 accesul la datele dvs. de c\u0103tre ter\u021bii persoane juridice de drept privat se realizeaza \u00een conformitate cu prevederile legale privind protec\u021bia datelor si confiden\u021bialitatea informa\u021biilor, \u00een baza unor contracte \u00eencheiate cu ace\u0219tia.<\/p>\n\n\n\n<p><strong>Cum protej\u0103m securitatea datelor dvs. cu caracter personal<\/strong><\/p>\n\n\n\n<p>Ne angaj\u0103m s\u0103 asigur\u0103m securitatea datelor cu caracter personal prin implementarea unor m\u0103suri tehnice \u0219i organizatorice adecvate, conform standardelor industriei.<\/p>\n\n\n\n<p>Transmisia datelor dvs. cu caracter personal se face folosind algoritmi de criptare de ultim\u0103 genera\u021bie si le stocam pe servere securizate, asigur\u00e2nd in acelasi timp redundan\u021ba datelor.<\/p>\n\n\n\n<p>\u00cen ciuda m\u0103surilor luate pentru a proteja datele dvs. cu caracter personal, v\u0103 atragem aten\u0163ia c\u0103 transmiterea informa\u0163iilor prin Internet, \u00een general, sau prin intermediul altor re\u0163ele publice, nu este complet sigur\u0103, exist\u00e2nd riscul ca datele s\u0103 fie v\u0103zute \u015fi utilizate de c\u0103tre ter\u0163e p\u0103r\u0163i neautorizate. Nu putem fi responsabili pentru astfel de vulnerabilit\u0103\u021bi ale unor sisteme care nu sunt sub controlul nostru.<\/p>\n\n\n\n<p><strong>Pute\u021bi s\u0103 ne cere\u021bi:<\/strong><\/p>\n\n\n\n<ul class=\"wp-block-list\"><li>s\u0103 confirm\u0103m dac\u0103 v\u0103 prelucr\u0103m datele cu caracter personal;<\/li><li>s\u0103 v\u0103 punem la dispozi\u021bie o copie a acestor date;<\/li><li>s\u0103 v\u0103 oferim alte informa\u021bii despre datele dvs. cu caracter personal, cum ar fi datele pe care le avem, la ce le folosim, cui i le divulg\u0103m, dac\u0103 le transfer\u0103m \u00een str\u0103in\u0103tate \u0219i cum le protej\u0103m, c\u00e2t timp le p\u0103str\u0103m, ce drepturi ave\u021bi, cum pute\u021bi face o pl\u00e2ngere, de unde am ob\u021binut datele dvs., \u00een m\u0103sura \u00een care informa\u021biile nu v-au fost deja furnizate prin aceast\u0103 informare.<\/li><li>Ne pute\u021bi cere oric\u00e2nd s\u0103 v\u0103 \u0219tergem datele cu caracter personal<\/li><\/ul>\n\n\n\n<p><\/p>\n\n\n\n<p><\/p>","protected":false},"excerpt":{"rendered":"<p>Ce categorii de date cu caracter personal prelucr\u0103m \u00cen general, colect\u0103m datele dvs. cu caracter personal direct de la dumneavoastr\u0103, pe parcursul rela\u021biilor comerciale dintre firmele noastre. Astfel ave\u021bi controlul asupra tipului de informa\u021bie pe care ne-o oferi\u021bi. Exemple de date personale necesare pentru comunic\u0103ri: adresa de e-mail, numele \u0219i prenumele, num\u0103r de telefon, adresa [&hellip;]<\/p>\n","protected":false},"author":1,"featured_media":0,"parent":0,"menu_order":0,"comment_status":"closed","ping_status":"closed","template":"","meta":{"_monsterinsights_skip_tracking":false,"_monsterinsights_sitenote_active":false,"_monsterinsights_sitenote_note":"","_monsterinsights_sitenote_category":0,"footnotes":""},"class_list":["post-3791","page","type-page","status-publish","hentry"],"_links":{"self":[{"href":"https:\/\/ithero.ro\/en\/wp-json\/wp\/v2\/pages\/3791","targetHints":{"allow":["GET"]}}],"collection":[{"href":"https:\/\/ithero.ro\/en\/wp-json\/wp\/v2\/pages"}],"about":[{"href":"https:\/\/ithero.ro\/en\/wp-json\/wp\/v2\/types\/page"}],"author":[{"embeddable":true,"href":"https:\/\/ithero.ro\/en\/wp-json\/wp\/v2\/users\/1"}],"replies":[{"embeddable":true,"href":"https:\/\/ithero.ro\/en\/wp-json\/wp\/v2\/comments?post=3791"}],"version-history":[{"count":2,"href":"https:\/\/ithero.ro\/en\/wp-json\/wp\/v2\/pages\/3791\/revisions"}],"predecessor-version":[{"id":3795,"href":"https:\/\/ithero.ro\/en\/wp-json\/wp\/v2\/pages\/3791\/revisions\/3795"}],"wp:attachment":[{"href":"https:\/\/ithero.ro\/en\/wp-json\/wp\/v2\/media?parent=3791"}],"curies":[{"name":"wp","href":"https:\/\/api.w.org\/{rel}","templated":true}]}}