{"id":3788,"date":"2021-05-16T13:09:41","date_gmt":"2021-05-16T12:09:41","guid":{"rendered":"https:\/\/ithero.ro\/?page_id=3788"},"modified":"2022-01-31T11:14:13","modified_gmt":"2022-01-31T09:14:13","slug":"termeni-si-conditii","status":"publish","type":"page","link":"https:\/\/ithero.ro\/en\/termeni-si-conditii\/","title":{"rendered":"Termeni \u0219i condi\u021bii"},"content":{"rendered":"<p><strong>ItHero.ro<\/strong> \u2013 este denumirea comerciala a IT HERO TECHNOLOGIES S.R.L., persoana juridic\u0103 de na\u021bionalitate rom\u00e2n\u0103, avand sediul social \u00een Bucuresti, Bulevardul Lacul Tei Nr. 1 Bis Et. 4, avand numar de ordine in Registrul Comertului J23\/7\/2022, cod unic de inregistrare fiscala RO45421557, numit \u00een continuare V\u00e2nz\u0103tor.<\/p>\n\n\n\n<p><strong>Client<\/strong> \u2013 poate fi orice persoana fizic\u0103 peste 16 ani sau persoana juridic\u0103 care are sau obtine acces la ofert\u0103, prin orice mijloc de comunicare pus la dispozitie (electronic, telefonic, etc) sau \u00een baza unui acord de existent intre  IT HERO TECHNOLOGIES S.R.L.  si acesta.<\/p>\n\n\n\n<p><strong>Contract<\/strong> \u2013 reprezinta contractul \u00eencheiat \u00eentre V\u00e2nz\u0103tor \u0219i Cump\u0103r\u0103tor \u0219i semnat de ambele p\u0103r\u021bi, f\u0103r\u0103 a fi obligatorie prezen\u021ba fizic\u0103 simultan\u0103 a V\u00e2nz\u0103torului \u0219i a Cump\u0103r\u0103torului.<\/p>\n\n\n\n<p><strong>CESIONAREA SI SUBCONTRACTAREA<\/strong><\/p>\n\n\n\n<p>V\u00e2nz\u0103torul poate cesiona si\/sau subcontracta o ter\u021b\u0103 parte pentru Servicii ce \u021bin de onorarea Contractului, cu informarea Clientului , nefiind necesar acordul acestuia. V\u00e2nz\u0103torul va fi \u00eentotdeauna responsabil fa\u021b\u0103 de Cump\u0103r\u0103tor pentru toate obliga\u021biile contractuale.<\/p>\n\n\n\n<p><strong>LIVRAREA BUNURILOR<\/strong><\/p>\n\n\n\n<p>\u00cen lipsa unei preciz\u0103ri exprese \u00een cadrul contractului cu privire la modalitatea de livrare, V\u00e2nz\u0103torul va asigura ambalarea corespunz\u0103toare a Bunurilor \u0219i va asigura transmiterea documentelor \u00eensotitoare.<\/p>\n\n\n\n<p><strong>TRANSFERUL PROPRIETATII BUNURILOR<\/strong><\/p>\n\n\n\n<p>Proprietatea asupra Bunurilor va fi transferata la livrare, dup\u0103 efectuarea pl\u0103\u021bii din partea Cump\u0103r\u0103torului, \u00een loca\u021bia indicat\u0103 (\u00een\u021beleg\u00e2nd prin livrare \u2013 semnarea de primire a documentului de transport furnizat de curier sau semnarea de primire pe factura fiscal\u0103 \u00een cazul livr\u0103rilor efectuate de personalul V\u00e2nz\u0103torului).<\/p>\n\n\n\n<p><strong>FOR\u021aA MAJOR\u0102<\/strong><\/p>\n\n\n\n<p>Nici una din p\u0103r\u021bi nu va fi r\u0103spunz\u0103toare pentru neexecutarea obliga\u021biilor sale contractuale, dac\u0103 o astfel de neexecutare la termen \u0219i\/sau \u00een mod corespunzator, total sau par\u021bial este datorat\u0103 unui eveniment de for\u021b\u0103 major\u0103. For\u021ba major\u0103 este evenimentul imprevizibil, \u00een afara controlului p\u0103r\u021bilor \u0219i care nu poate fi evitat.<\/p>\n\n\n\n<p>Dac\u0103 \u00een termen de 15 (cincisprezece) zile de la data producerii lui, respectivul eveniment nu \u00eenceteaz\u0103, fiecare parte va avea dreptul s\u0103 notifice celeilalte p\u0103r\u021bi \u00eencetarea de plin drept a contractului, f\u0103r\u0103 ca vreuna dintre ele s\u0103 poat\u0103 pretinde celeilalte alte daune-interese.<\/p>\n\n\n\n<p><strong>LEGEA APLICABILA \u2013 JURISDIC\u021aIA<\/strong><\/p>\n\n\n\n<p>Prezentul contract este supus legii rom\u00e2ne. Eventualele litigii ap\u0103rute \u00eentre V\u00e2nz\u0103tor \u0219i Clien\u021bi se vor rezolva pe cale amiabila sau, \u00een cazul \u00een care aceasta nu va fi posibil\u0103, litigiile vor fi solu\u021bionate de instan\u021bele judec\u0103tore\u0219ti rom\u00e2ne competente din Municipiul Bucure\u0219ti.<\/p>","protected":false},"excerpt":{"rendered":"<p>ItHero.ro \u2013 este denumirea comerciala a IT HERO TECHNOLOGIES S.R.L., persoana juridic\u0103 de na\u021bionalitate rom\u00e2n\u0103, avand sediul social \u00een Bucuresti, Bulevardul Lacul Tei Nr. 1 Bis Et. 4, avand numar de ordine in Registrul Comertului J23\/7\/2022, cod unic de inregistrare fiscala RO45421557, numit \u00een continuare V\u00e2nz\u0103tor. Client \u2013 poate fi orice persoana fizic\u0103 peste 16 [&hellip;]<\/p>\n","protected":false},"author":1,"featured_media":0,"parent":0,"menu_order":0,"comment_status":"closed","ping_status":"closed","template":"","meta":{"_monsterinsights_skip_tracking":false,"_monsterinsights_sitenote_active":false,"_monsterinsights_sitenote_note":"","_monsterinsights_sitenote_category":0,"footnotes":""},"class_list":["post-3788","page","type-page","status-publish","hentry"],"_links":{"self":[{"href":"https:\/\/ithero.ro\/en\/wp-json\/wp\/v2\/pages\/3788","targetHints":{"allow":["GET"]}}],"collection":[{"href":"https:\/\/ithero.ro\/en\/wp-json\/wp\/v2\/pages"}],"about":[{"href":"https:\/\/ithero.ro\/en\/wp-json\/wp\/v2\/types\/page"}],"author":[{"embeddable":true,"href":"https:\/\/ithero.ro\/en\/wp-json\/wp\/v2\/users\/1"}],"replies":[{"embeddable":true,"href":"https:\/\/ithero.ro\/en\/wp-json\/wp\/v2\/comments?post=3788"}],"version-history":[{"count":3,"href":"https:\/\/ithero.ro\/en\/wp-json\/wp\/v2\/pages\/3788\/revisions"}],"predecessor-version":[{"id":5210,"href":"https:\/\/ithero.ro\/en\/wp-json\/wp\/v2\/pages\/3788\/revisions\/5210"}],"wp:attachment":[{"href":"https:\/\/ithero.ro\/en\/wp-json\/wp\/v2\/media?parent=3788"}],"curies":[{"name":"wp","href":"https:\/\/api.w.org\/{rel}","templated":true}]}}