{"id":334,"date":"2020-01-13T09:07:10","date_gmt":"2020-01-13T09:07:10","guid":{"rendered":"https:\/\/ithero.ro\/?page_id=334"},"modified":"2021-03-27T08:38:27","modified_gmt":"2021-03-27T08:38:27","slug":"servicii","status":"publish","type":"page","link":"https:\/\/ithero.ro\/en\/servicii\/","title":{"rendered":"Services"},"content":{"rendered":"<div data-elementor-type=\"wp-page\" data-elementor-id=\"334\" class=\"elementor elementor-334\">\n\t\t\t\t\t\t<section class=\"elementor-section elementor-top-section elementor-element elementor-element-06db5d4 elementor-section-stretched elementor-section-boxed elementor-section-height-default elementor-section-height-default\" data-id=\"06db5d4\" data-element_type=\"section\" data-e-type=\"section\" data-settings=\"{&quot;stretch_section&quot;:&quot;section-stretched&quot;}\">\n\t\t\t\t\t\t<div class=\"elementor-container elementor-column-gap-default\">\n\t\t\t\t\t<div class=\"elementor-column elementor-col-100 elementor-top-column elementor-element elementor-element-da2c472\" data-id=\"da2c472\" data-element_type=\"column\" data-e-type=\"column\">\n\t\t\t<div class=\"elementor-widget-wrap elementor-element-populated\">\n\t\t\t\t\t\t<div class=\"elementor-element elementor-element-f01b655 elementor-widget elementor-widget-rt-service-grid\" data-id=\"f01b655\" data-element_type=\"widget\" data-e-type=\"widget\" data-widget_type=\"rt-service-grid.default\">\n\t\t\t\t<div class=\"elementor-widget-container\">\n\t\t\t\t\t<div class=\"service-default service-grid-layout1\">\n\t<div class=\"row  rt-masonry-grid\">\t\n\t\t\t\t<div class=\"col-lg-4 col-md-4 col-sm-6 col-xs-12 rt-grid-item\">\n\t\t\t<div class=\"rtin-item\">\n\t\t\t\t<div class=\"rtin-content\">\n\t\t\t\t\t\t\t\t\t\t<div class=\"rtin-icon\">\n\t\t\t\t\t\t\t\t\t\t\t\t\t<span><i class=\"flaticon-think\"><\/i><\/span>\n\t\t\t\t\t\t\t\t\t\t\t<\/div>\n\t\t\t\t\t\t\t\t\t\t<h3 class=\"rtin-title\"><a href=\"https:\/\/ithero.ro\/en\/service\/audit-de-mediu\/\">Audit de mediu<\/a><\/h3>\n\t\t\t\t\t\t\t\t\t\t<p>Orice ac\u021biune a unui erou trebuie s\u0103 protejeze mediul. Altfel, eroul devine personaj negativ, inclusiv<\/p>\n\t\t\t\t\t\t\t\t\t\t\t\t\t\t<\/div>\n\t\t\t<\/div>\n\t\t<\/div>\n\t\t\t\n\t\t\t\t<div class=\"col-lg-4 col-md-4 col-sm-6 col-xs-12 rt-grid-item\">\n\t\t\t<div class=\"rtin-item\">\n\t\t\t\t<div class=\"rtin-content\">\n\t\t\t\t\t\t\t\t\t\t<div class=\"rtin-icon\">\n\t\t\t\t\t\t\t\t\t\t\t\t\t<span><i class=\"flaticon-think\"><\/i><\/span>\n\t\t\t\t\t\t\t\t\t\t\t<\/div>\n\t\t\t\t\t\t\t\t\t\t<h3 class=\"rtin-title\"><a href=\"https:\/\/ithero.ro\/en\/service\/audit-securitate-cibernetica\/\">Audit securitate cibernetic\u0103<\/a><\/h3>\n\t\t\t\t\t\t\t\t\t\t<p>Deschide\u021bi c\u0103tre internet doar acele por\u021bi care vre\u021bi s\u0103 fie deschise. Pentru toate celelalte, ItHero<\/p>\n\t\t\t\t\t\t\t\t\t\t\t\t\t\t<\/div>\n\t\t\t<\/div>\n\t\t<\/div>\n\t\t\t\n\t\t\t\t<div class=\"col-lg-4 col-md-4 col-sm-6 col-xs-12 rt-grid-item\">\n\t\t\t<div class=\"rtin-item\">\n\t\t\t\t<div class=\"rtin-content\">\n\t\t\t\t\t\t\t\t\t\t<div class=\"rtin-icon\">\n\t\t\t\t\t\t\t\t\t\t\t\t\t<span><i class=\"flaticon-think\"><\/i><\/span>\n\t\t\t\t\t\t\t\t\t\t\t<\/div>\n\t\t\t\t\t\t\t\t\t\t<h3 class=\"rtin-title\"><a href=\"https:\/\/ithero.ro\/en\/service\/audit-gdpr\/\">Audit GDRP<\/a><\/h3>\n\t\t\t\t\t\t\t\t\t\t<p>Foarte important este s\u0103 pute\u021bi dovedi \u00een orice moment c\u0103 a\u021bi depus toate eforturile pentru<\/p>\n\t\t\t\t\t\t\t\t\t\t\t\t\t\t<\/div>\n\t\t\t<\/div>\n\t\t<\/div>\n\t\t\t\n\t\t\t\t<div class=\"col-lg-4 col-md-4 col-sm-6 col-xs-12 rt-grid-item\">\n\t\t\t<div class=\"rtin-item\">\n\t\t\t\t<div class=\"rtin-content\">\n\t\t\t\t\t\t\t\t\t\t<div class=\"rtin-icon\">\n\t\t\t\t\t\t\t\t\t\t\t\t\t<span><i class=\"flaticon-think\"><\/i><\/span>\n\t\t\t\t\t\t\t\t\t\t\t<\/div>\n\t\t\t\t\t\t\t\t\t\t<h3 class=\"rtin-title\"><a href=\"https:\/\/ithero.ro\/en\/service\/audit-hardware-si-software\/\">Audit hardware \u0219i software<\/a><\/h3>\n\t\t\t\t\t\t\t\t\t\t<p>Analiz\u0103m \u00eempreun\u0103 situa\u021bia actual\u0103 \u0219i cea mai bun\u0103 solu\u021bie de rezolvare a cerin\u021belor nou ap\u0103rute.<\/p>\n\t\t\t\t\t\t\t\t\t\t\t\t\t\t<\/div>\n\t\t\t<\/div>\n\t\t<\/div>\n\t\t\t\n\t\t\t\t<\/div>\n\t\t\t\t\t\t\t\t\t<\/div>\t\t\t\t<\/div>\n\t\t\t\t<\/div>\n\t\t\t\t<div class=\"elementor-element elementor-element-e4685b8 elementor-widget elementor-widget-rt-service-grid\" data-id=\"e4685b8\" data-element_type=\"widget\" data-e-type=\"widget\" data-widget_type=\"rt-service-grid.default\">\n\t\t\t\t<div class=\"elementor-widget-container\">\n\t\t\t\t\t<div class=\"service-default service-grid-layout1\">\n\t<div class=\"row  rt-masonry-grid\">\t\n\t\t\t\t<div class=\"col-lg-4 col-md-4 col-sm-6 col-xs-12 rt-grid-item\">\n\t\t\t<div class=\"rtin-item\">\n\t\t\t\t<div class=\"rtin-content\">\n\t\t\t\t\t\t\t\t\t\t<div class=\"rtin-icon\">\n\t\t\t\t\t\t\t\t\t\t\t\t\t<span><i class=\"flaticon-think\"><\/i><\/span>\n\t\t\t\t\t\t\t\t\t\t\t<\/div>\n\t\t\t\t\t\t\t\t\t\t<h3 class=\"rtin-title\"><a href=\"https:\/\/ithero.ro\/en\/service\/solutii-de-virtualizare\/\">Solutii de virtualizare<\/a><\/h3>\n\t\t\t\t\t\t\t\t\t\t<p>Hyper V, VM ware<\/p>\n\t\t\t\t\t\t\t\t\t\t\t\t\t\t<\/div>\n\t\t\t<\/div>\n\t\t<\/div>\n\t\t\t\n\t\t\t\t<div class=\"col-lg-4 col-md-4 col-sm-6 col-xs-12 rt-grid-item\">\n\t\t\t<div class=\"rtin-item\">\n\t\t\t\t<div class=\"rtin-content\">\n\t\t\t\t\t\t\t\t\t\t<div class=\"rtin-icon\">\n\t\t\t\t\t\t\t\t\t\t\t\t\t<span><i class=\"flaticon-think\"><\/i><\/span>\n\t\t\t\t\t\t\t\t\t\t\t<\/div>\n\t\t\t\t\t\t\t\t\t\t<h3 class=\"rtin-title\"><a href=\"https:\/\/ithero.ro\/en\/service\/caiete-de-sarcini\/\">Caiete de sarcini<\/a><\/h3>\n\t\t\t\t\t\t\t\t\t\t<p>Completare caiete de sarcini at\u00e2t pentru achizi\u021bia de produse c\u00e2t \u0219i pentru servicii.<\/p>\n\t\t\t\t\t\t\t\t\t\t\t\t\t\t<\/div>\n\t\t\t<\/div>\n\t\t<\/div>\n\t\t\t\n\t\t\t\t<div class=\"col-lg-4 col-md-4 col-sm-6 col-xs-12 rt-grid-item\">\n\t\t\t<div class=\"rtin-item\">\n\t\t\t\t<div class=\"rtin-content\">\n\t\t\t\t\t\t\t\t\t\t<div class=\"rtin-icon\">\n\t\t\t\t\t\t\t\t\t\t\t\t\t<span><i class=\"flaticon-think\"><\/i><\/span>\n\t\t\t\t\t\t\t\t\t\t\t<\/div>\n\t\t\t\t\t\t\t\t\t\t<h3 class=\"rtin-title\"><a href=\"https:\/\/ithero.ro\/en\/service\/consultanta-pentru-achizitii\/\">Consultan\u021b\u0103 pentru achizi\u021bii<\/a><\/h3>\n\t\t\t\t\t\t\t\t\t\t<p>Ce, c\u00e2t, cum \u0219i c\u00e2nd trebuie achizi\u021bionat<\/p>\n\t\t\t\t\t\t\t\t\t\t\t\t\t\t<\/div>\n\t\t\t<\/div>\n\t\t<\/div>\n\t\t\t\n\t\t\t\t<\/div>\n\t\t\t\t\t\t\t\t\t<\/div>\t\t\t\t<\/div>\n\t\t\t\t<\/div>\n\t\t\t\t<div class=\"elementor-element elementor-element-cb4926c elementor-widget elementor-widget-rt-service-grid\" data-id=\"cb4926c\" data-element_type=\"widget\" data-e-type=\"widget\" data-widget_type=\"rt-service-grid.default\">\n\t\t\t\t<div class=\"elementor-widget-container\">\n\t\t\t\t\t<div class=\"service-default service-grid-layout1\">\n\t<div class=\"row  rt-masonry-grid\">\t\n\t\t\t\t<div class=\"col-lg-4 col-md-4 col-sm-6 col-xs-12 rt-grid-item\">\n\t\t\t<div class=\"rtin-item\">\n\t\t\t\t<div class=\"rtin-content\">\n\t\t\t\t\t\t\t\t\t\t<div class=\"rtin-icon\">\n\t\t\t\t\t\t\t\t\t\t\t\t\t<span><i class=\"flaticon-think\"><\/i><\/span>\n\t\t\t\t\t\t\t\t\t\t\t<\/div>\n\t\t\t\t\t\t\t\t\t\t<h3 class=\"rtin-title\"><a href=\"https:\/\/ithero.ro\/en\/service\/instalare-si-configurare-active-directory\/\">Instalare \u0219i configurare active directory<\/a><\/h3>\n\t\t\t\t\t\t\t\t\t\t<p><\/p>\n\t\t\t\t\t\t\t\t\t\t\t\t\t\t<\/div>\n\t\t\t<\/div>\n\t\t<\/div>\n\t\t\t\n\t\t\t\t<div class=\"col-lg-4 col-md-4 col-sm-6 col-xs-12 rt-grid-item\">\n\t\t\t<div class=\"rtin-item\">\n\t\t\t\t<div class=\"rtin-content\">\n\t\t\t\t\t\t\t\t\t\t<div class=\"rtin-icon\">\n\t\t\t\t\t\t\t\t\t\t\t\t\t<span><i class=\"flaticon-think\"><\/i><\/span>\n\t\t\t\t\t\t\t\t\t\t\t<\/div>\n\t\t\t\t\t\t\t\t\t\t<h3 class=\"rtin-title\"><a href=\"https:\/\/ithero.ro\/en\/service\/cablare-structurata\/\">Cablare structurat\u0103<\/a><\/h3>\n\t\t\t\t\t\t\t\t\t\t<p><\/p>\n\t\t\t\t\t\t\t\t\t\t\t\t\t\t<\/div>\n\t\t\t<\/div>\n\t\t<\/div>\n\t\t\t\n\t\t\t\t<div class=\"col-lg-4 col-md-4 col-sm-6 col-xs-12 rt-grid-item\">\n\t\t\t<div class=\"rtin-item\">\n\t\t\t\t<div class=\"rtin-content\">\n\t\t\t\t\t\t\t\t\t\t<div class=\"rtin-icon\">\n\t\t\t\t\t\t\t\t\t\t\t\t\t<span><i class=\"flaticon-think\"><\/i><\/span>\n\t\t\t\t\t\t\t\t\t\t\t<\/div>\n\t\t\t\t\t\t\t\t\t\t<h3 class=\"rtin-title\"><a href=\"https:\/\/ithero.ro\/en\/service\/realizare-si-administrare-infrastuctura-it-de-retea\/\">Realizare si administrare infrastuctura IT<\/a><\/h3>\n\t\t\t\t\t\t\t\t\t\t<p><\/p>\n\t\t\t\t\t\t\t\t\t\t\t\t\t\t<\/div>\n\t\t\t<\/div>\n\t\t<\/div>\n\t\t\t\n\t\t\t\t<div class=\"col-lg-4 col-md-4 col-sm-6 col-xs-12 rt-grid-item\">\n\t\t\t<div class=\"rtin-item\">\n\t\t\t\t<div class=\"rtin-content\">\n\t\t\t\t\t\t\t\t\t\t<div class=\"rtin-icon\">\n\t\t\t\t\t\t\t\t\t\t\t\t\t<span><i class=\"flaticon-think\"><\/i><\/span>\n\t\t\t\t\t\t\t\t\t\t\t<\/div>\n\t\t\t\t\t\t\t\t\t\t<h3 class=\"rtin-title\"><a href=\"https:\/\/ithero.ro\/en\/service\/implementari-vpn\/\">Implement\u0103ri VPN<\/a><\/h3>\n\t\t\t\t\t\t\t\t\t\t<p><\/p>\n\t\t\t\t\t\t\t\t\t\t\t\t\t\t<\/div>\n\t\t\t<\/div>\n\t\t<\/div>\n\t\t\t\n\t\t\t\t<\/div>\n\t\t\t\t\t\t\t\t\t<\/div>\t\t\t\t<\/div>\n\t\t\t\t<\/div>\n\t\t\t\t<div class=\"elementor-element elementor-element-6a8df27 elementor-widget elementor-widget-rt-service-grid\" data-id=\"6a8df27\" data-element_type=\"widget\" data-e-type=\"widget\" data-widget_type=\"rt-service-grid.default\">\n\t\t\t\t<div class=\"elementor-widget-container\">\n\t\t\t\t\t<div class=\"service-default service-grid-layout1\">\n\t<div class=\"row  rt-masonry-grid\">\t\n\t\t\t\t<div class=\"col-lg-4 col-md-4 col-sm-6 col-xs-12 rt-grid-item\">\n\t\t\t<div class=\"rtin-item\">\n\t\t\t\t<div class=\"rtin-content\">\n\t\t\t\t\t\t\t\t\t\t<div class=\"rtin-icon\">\n\t\t\t\t\t\t\t\t\t\t\t\t\t<span><i class=\"flaticon-think\"><\/i><\/span>\n\t\t\t\t\t\t\t\t\t\t\t<\/div>\n\t\t\t\t\t\t\t\t\t\t<h3 class=\"rtin-title\"><a href=\"https:\/\/ithero.ro\/en\/service\/web-hosting\/\">Web hosting<\/a><\/h3>\n\t\t\t\t\t\t\t\t\t\t<p><\/p>\n\t\t\t\t\t\t\t\t\t\t\t\t\t\t<\/div>\n\t\t\t<\/div>\n\t\t<\/div>\n\t\t\t\n\t\t\t\t<div class=\"col-lg-4 col-md-4 col-sm-6 col-xs-12 rt-grid-item\">\n\t\t\t<div class=\"rtin-item\">\n\t\t\t\t<div class=\"rtin-content\">\n\t\t\t\t\t\t\t\t\t\t<div class=\"rtin-icon\">\n\t\t\t\t\t\t\t\t\t\t\t\t\t<span><i class=\"flaticon-think\"><\/i><\/span>\n\t\t\t\t\t\t\t\t\t\t\t<\/div>\n\t\t\t\t\t\t\t\t\t\t<h3 class=\"rtin-title\"><a href=\"https:\/\/ithero.ro\/en\/service\/solutii-de-cloud-computing\/\">Solu\u021bii de cloud computing<\/a><\/h3>\n\t\t\t\t\t\t\t\t\t\t<p><\/p>\n\t\t\t\t\t\t\t\t\t\t\t\t\t\t<\/div>\n\t\t\t<\/div>\n\t\t<\/div>\n\t\t\t\n\t\t\t\t<div class=\"col-lg-4 col-md-4 col-sm-6 col-xs-12 rt-grid-item\">\n\t\t\t<div class=\"rtin-item\">\n\t\t\t\t<div class=\"rtin-content\">\n\t\t\t\t\t\t\t\t\t\t<div class=\"rtin-icon\">\n\t\t\t\t\t\t\t\t\t\t\t\t\t<span><i class=\"flaticon-think\"><\/i><\/span>\n\t\t\t\t\t\t\t\t\t\t\t<\/div>\n\t\t\t\t\t\t\t\t\t\t<h3 class=\"rtin-title\"><a href=\"https:\/\/ithero.ro\/en\/service\/solutii-de-backup-si-storage\/\">Solu\u021bii de backup \u0219i storage<\/a><\/h3>\n\t\t\t\t\t\t\t\t\t\t<p><\/p>\n\t\t\t\t\t\t\t\t\t\t\t\t\t\t<\/div>\n\t\t\t<\/div>\n\t\t<\/div>\n\t\t\t\n\t\t\t\t<div class=\"col-lg-4 col-md-4 col-sm-6 col-xs-12 rt-grid-item\">\n\t\t\t<div class=\"rtin-item\">\n\t\t\t\t<div class=\"rtin-content\">\n\t\t\t\t\t\t\t\t\t\t<div class=\"rtin-icon\">\n\t\t\t\t\t\t\t\t\t\t\t\t\t<span><i class=\"flaticon-think\"><\/i><\/span>\n\t\t\t\t\t\t\t\t\t\t\t<\/div>\n\t\t\t\t\t\t\t\t\t\t<h3 class=\"rtin-title\"><a href=\"https:\/\/ithero.ro\/en\/service\/vanzari-de-software-licentiere\/\">V\u00e2nz\u0103ri de hardware<\/a><\/h3>\n\t\t\t\t\t\t\t\t\t\t<p>Calculatoare, echipamente audio, echipamente medicale, automatiz\u0103ri, etc<\/p>\n\t\t\t\t\t\t\t\t\t\t\t\t\t\t<\/div>\n\t\t\t<\/div>\n\t\t<\/div>\n\t\t\t\n\t\t\t\t<\/div>\n\t\t\t\t\t\t\t\t\t<\/div>\t\t\t\t<\/div>\n\t\t\t\t<\/div>\n\t\t\t\t<div class=\"elementor-element elementor-element-026acbd elementor-widget elementor-widget-rt-service-grid\" data-id=\"026acbd\" data-element_type=\"widget\" data-e-type=\"widget\" data-widget_type=\"rt-service-grid.default\">\n\t\t\t\t<div class=\"elementor-widget-container\">\n\t\t\t\t\t<div class=\"service-default service-grid-layout1\">\n\t<div class=\"row  rt-masonry-grid\">\t\n\t\t\t\t<div class=\"col-lg-4 col-md-4 col-sm-6 col-xs-12 rt-grid-item\">\n\t\t\t<div class=\"rtin-item\">\n\t\t\t\t<div class=\"rtin-content\">\n\t\t\t\t\t\t\t\t\t\t<div class=\"rtin-icon\">\n\t\t\t\t\t\t\t\t\t\t\t\t\t<span><i class=\"flaticon-think\"><\/i><\/span>\n\t\t\t\t\t\t\t\t\t\t\t<\/div>\n\t\t\t\t\t\t\t\t\t\t<h3 class=\"rtin-title\"><a href=\"https:\/\/ithero.ro\/en\/service\/proiecte-speciale\/\">Proiecte speciale<\/a><\/h3>\n\t\t\t\t\t\t\t\t\t\t<p>Pachete de solu\u021bii optimizate dpdv cost\/calitate, implementabile imediat, pentru rezolvarea unor probleme specifice actuale (Print&amp;Learn,,<\/p>\n\t\t\t\t\t\t\t\t\t\t\t\t\t\t<\/div>\n\t\t\t<\/div>\n\t\t<\/div>\n\t\t\t\n\t\t\t\t<div class=\"col-lg-4 col-md-4 col-sm-6 col-xs-12 rt-grid-item\">\n\t\t\t<div class=\"rtin-item\">\n\t\t\t\t<div class=\"rtin-content\">\n\t\t\t\t\t\t\t\t\t\t<div class=\"rtin-icon\">\n\t\t\t\t\t\t\t\t\t\t\t\t\t<span><i class=\"flaticon-think\"><\/i><\/span>\n\t\t\t\t\t\t\t\t\t\t\t<\/div>\n\t\t\t\t\t\t\t\t\t\t<h3 class=\"rtin-title\"><a href=\"https:\/\/ithero.ro\/en\/service\/remediere-probleme-hardware-sau-software\/\">Remediere probleme hardware sau software<\/a><\/h3>\n\t\t\t\t\t\t\t\t\t\t<p><\/p>\n\t\t\t\t\t\t\t\t\t\t\t\t\t\t<\/div>\n\t\t\t<\/div>\n\t\t<\/div>\n\t\t\t\n\t\t\t\t<div class=\"col-lg-4 col-md-4 col-sm-6 col-xs-12 rt-grid-item\">\n\t\t\t<div class=\"rtin-item\">\n\t\t\t\t<div class=\"rtin-content\">\n\t\t\t\t\t\t\t\t\t\t<div class=\"rtin-icon\">\n\t\t\t\t\t\t\t\t\t\t\t\t\t<span><i class=\"flaticon-think\"><\/i><\/span>\n\t\t\t\t\t\t\t\t\t\t\t<\/div>\n\t\t\t\t\t\t\t\t\t\t<h3 class=\"rtin-title\"><a href=\"https:\/\/ithero.ro\/en\/service\/mentenanta-preventiva-remote-si-onsite\/\">Mentenan\u021b\u0103 preventiv\u0103 (remote si onsite)<\/a><\/h3>\n\t\t\t\t\t\t\t\t\t\t<p><\/p>\n\t\t\t\t\t\t\t\t\t\t\t\t\t\t<\/div>\n\t\t\t<\/div>\n\t\t<\/div>\n\t\t\t\n\t\t\t\t<\/div>\n\t\t\t\t\t\t\t\t\t<\/div>\t\t\t\t<\/div>\n\t\t\t\t<\/div>\n\t\t\t\t\t<\/div>\n\t\t<\/div>\n\t\t\t\t\t<\/div>\n\t\t<\/section>\n\t\t\t\t<\/div>","protected":false},"excerpt":{"rendered":"<p>Audit securitate cibernetic\u0103 Deschide\u021bi c\u0103tre internet doar acele por\u021bi care vre\u021bi s\u0103 fie deschise. Pentru toate celelalte, ItHero Audit GDRP Foarte important este s\u0103 pute\u021bi dovedi \u00een orice moment c\u0103 a\u021bi depus toate eforturile pentru Audit hardware \u0219i software Analiz\u0103m \u00eempreun\u0103 situa\u021bia actual\u0103 \u0219i cea mai bun\u0103 solu\u021bie de rezolvare a cerin\u021belor nou ap\u0103rute. Solutii [&hellip;]<\/p>\n","protected":false},"author":1,"featured_media":0,"parent":0,"menu_order":0,"comment_status":"closed","ping_status":"closed","template":"","meta":{"_monsterinsights_skip_tracking":false,"_monsterinsights_sitenote_active":false,"_monsterinsights_sitenote_note":"","_monsterinsights_sitenote_category":0,"footnotes":""},"class_list":["post-334","page","type-page","status-publish","hentry"],"_links":{"self":[{"href":"https:\/\/ithero.ro\/en\/wp-json\/wp\/v2\/pages\/334","targetHints":{"allow":["GET"]}}],"collection":[{"href":"https:\/\/ithero.ro\/en\/wp-json\/wp\/v2\/pages"}],"about":[{"href":"https:\/\/ithero.ro\/en\/wp-json\/wp\/v2\/types\/page"}],"author":[{"embeddable":true,"href":"https:\/\/ithero.ro\/en\/wp-json\/wp\/v2\/users\/1"}],"replies":[{"embeddable":true,"href":"https:\/\/ithero.ro\/en\/wp-json\/wp\/v2\/comments?post=334"}],"version-history":[{"count":22,"href":"https:\/\/ithero.ro\/en\/wp-json\/wp\/v2\/pages\/334\/revisions"}],"predecessor-version":[{"id":3619,"href":"https:\/\/ithero.ro\/en\/wp-json\/wp\/v2\/pages\/334\/revisions\/3619"}],"wp:attachment":[{"href":"https:\/\/ithero.ro\/en\/wp-json\/wp\/v2\/media?parent=334"}],"curies":[{"name":"wp","href":"https:\/\/api.w.org\/{rel}","templated":true}]}}