{"id":1641,"date":"2020-01-28T05:38:03","date_gmt":"2020-01-28T05:38:03","guid":{"rendered":"https:\/\/ithero.ro\/?page_id=1641"},"modified":"2020-02-13T09:54:40","modified_gmt":"2020-02-13T09:54:40","slug":"testimonial-slider-1","status":"publish","type":"page","link":"https:\/\/ithero.ro\/en\/testimonial-slider-1\/","title":{"rendered":"Testimonial Slider 1"},"content":{"rendered":"\t\t<div data-elementor-type=\"wp-page\" data-elementor-id=\"1641\" class=\"elementor elementor-1641\">\n\t\t\t\t\t\t<section class=\"elementor-section elementor-top-section elementor-element elementor-element-d873570 elementor-section-stretched elementor-section-boxed elementor-section-height-default elementor-section-height-default\" data-id=\"d873570\" data-element_type=\"section\" data-e-type=\"section\" data-settings=\"{&quot;stretch_section&quot;:&quot;section-stretched&quot;}\">\n\t\t\t\t\t\t<div class=\"elementor-container elementor-column-gap-default\">\n\t\t\t\t\t<div class=\"elementor-column elementor-col-100 elementor-top-column elementor-element elementor-element-024a831\" data-id=\"024a831\" data-element_type=\"column\" data-e-type=\"column\">\n\t\t\t<div class=\"elementor-widget-wrap elementor-element-populated\">\n\t\t\t\t\t\t<div class=\"elementor-element elementor-element-baf878c elementor-widget elementor-widget-rt-testimonial\" data-id=\"baf878c\" data-element_type=\"widget\" data-e-type=\"widget\" data-widget_type=\"rt-testimonial.default\">\n\t\t\t\t<div class=\"elementor-widget-container\">\n\t\t\t\t\t<div class=\"has-animation\">\n\t<div class=\"default-testimonial rtin-testimonial-1 rt-owl-nav-1 owl-wrap  slider-nav-enabled\">\n\t\t<div class=\"owl-theme owl-carousel rt-owl-carousel\" data-carousel-options=\"{&quot;nav&quot;:true,&quot;dots&quot;:false,&quot;navText&quot;:[&quot;&lt;i class=&#039;flaticon-back&#039;&gt;&lt;\\\/i&gt;&quot;,&quot;&lt;i class=&#039;flaticon-next&#039;&gt;&lt;\\\/i&gt;&quot;],&quot;autoplay&quot;:false,&quot;autoplayTimeout&quot;:&quot;5000&quot;,&quot;autoplaySpeed&quot;:200,&quot;autoplayHoverPause&quot;:true,&quot;loop&quot;:true,&quot;margin&quot;:30,&quot;responsive&quot;:{&quot;0&quot;:{&quot;items&quot;:1},&quot;480&quot;:{&quot;items&quot;:1},&quot;768&quot;:{&quot;items&quot;:1},&quot;992&quot;:{&quot;items&quot;:2},&quot;1200&quot;:{&quot;items&quot;:2}}}\">\n\t\t\t\t\t\t\t\t\t\t\t\t\t\t\t\t\t<div class=\"rtin-item\">\n\t\t\t\t\t\t<div class=\"translate-zoomout-50 opacity-animation transition-150 transition-delay-100\">\n\t\t\t\t\t\t\t<div class=\"top-box\">\n\t\t\t\t\t\t\t\t<div class=\"rtin-icon\"><i class=\"flaticon-quote\"><\/i><\/div>\n\t\t\t\t\t\t\t\t<p>Drag\u0103 echip\u0103 IT Hero, Mul\u0163umim pentru experien\u0163a unei colabor\u0103ri extraordinare: pentru oferta personalizat\u0103 de produse la pre\u0163uri avantajoase, pentru deschiderea<\/p>\t\t\t\t\t\t\t<\/div>\n\t\t\t\t\t\t\t<div class=\"bottom-box\">\n\t\t\t\t\t\t\t\t<div class=\"media\">\n\t\t\t\t\t\t\t\t\t\t\t\t\t\t\t\t\t\t\t\t\t\t\t\t\t\t\t\t<div class=\"rtin-thumb\"><img decoding=\"async\" width=\"70\" height=\"70\" src=\"https:\/\/ithero.ro\/wp-content\/uploads\/2020\/01\/testimonial1.png\" class=\"attachment-thumbnail size-thumbnail wp-post-image\" alt=\"\" \/><\/div>\n\t\t\t\t\t\t\t\t\t\t\t\t\t\t\t\t\t\t\t\t\t\t\t\t\t\t\t<div class=\"media-body space-sm\">\n\t\t\t\t\t\t\t\t\t\t<h3 class=\"rtin-title\">Magda VLADUT<\/h3>\n\t\t\t\t\t\t\t\t\t\t<div class=\"rtin-designation\"><span>pres. CIS IMPROVE &amp; admin. NEXILIA PROJECT SRL<\/span><\/div>\n\t\t\t\t\t\t\t\t\t\t\t\t\t\t\t\t\t\t\t<\/div>\n\t\t\t\t\t\t\t\t<\/div>\n\t\t\t\t\t\t\t<\/div>\n\t\t\t\t\t\t<\/div>\n\t\t\t\t\t<\/div>\n\t\t\t\t\t\t\t\t\t\t\t\t<\/div>\n\t<\/div>\n<\/div>\t\t\t\t<\/div>\n\t\t\t\t<\/div>\n\t\t\t\t\t<\/div>\n\t\t<\/div>\n\t\t\t\t\t<\/div>\n\t\t<\/section>\n\t\t\t\t<\/div>\n\t\t","protected":false},"excerpt":{"rendered":"<p>Grursus mal suada faci lisis Lorem ipsum dolarorit more and dumm ametion consectetur elit. Vesti at bulum nec odio aea Robert Bruce Apps Developer Grursus mal suada faci lisis Lorem ipsum dolarorit more and dumm ametion consectetur elit. Vesti at bulum nec odio aea Cassie Ventura Product Manager Grursus mal suada faci lisis Lorem ipsum [&hellip;]<\/p>\n","protected":false},"author":1,"featured_media":0,"parent":0,"menu_order":0,"comment_status":"closed","ping_status":"closed","template":"","meta":{"_monsterinsights_skip_tracking":false,"_monsterinsights_sitenote_active":false,"_monsterinsights_sitenote_note":"","_monsterinsights_sitenote_category":0,"footnotes":""},"class_list":["post-1641","page","type-page","status-publish","hentry"],"_links":{"self":[{"href":"https:\/\/ithero.ro\/en\/wp-json\/wp\/v2\/pages\/1641","targetHints":{"allow":["GET"]}}],"collection":[{"href":"https:\/\/ithero.ro\/en\/wp-json\/wp\/v2\/pages"}],"about":[{"href":"https:\/\/ithero.ro\/en\/wp-json\/wp\/v2\/types\/page"}],"author":[{"embeddable":true,"href":"https:\/\/ithero.ro\/en\/wp-json\/wp\/v2\/users\/1"}],"replies":[{"embeddable":true,"href":"https:\/\/ithero.ro\/en\/wp-json\/wp\/v2\/comments?post=1641"}],"version-history":[{"count":0,"href":"https:\/\/ithero.ro\/en\/wp-json\/wp\/v2\/pages\/1641\/revisions"}],"wp:attachment":[{"href":"https:\/\/ithero.ro\/en\/wp-json\/wp\/v2\/media?parent=1641"}],"curies":[{"name":"wp","href":"https:\/\/api.w.org\/{rel}","templated":true}]}}